{"id":36,"date":"2016-11-24T16:12:16","date_gmt":"2016-11-24T16:12:16","guid":{"rendered":"http:\/\/psychotherapie-morawietz.de\/?page_id=36"},"modified":"2022-10-10T12:09:14","modified_gmt":"2022-10-10T12:09:14","slug":"impressum","status":"publish","type":"page","link":"https:\/\/psychotherapie-morawietz.de\/?page_id=36","title":{"rendered":"Impressum"},"content":{"rendered":"<div class=\"entry-content clearfix\">\n<p><strong>Pflichtangaben gem\u00e4\u00df Telemediengesetz:<\/strong><\/p>\n<p>Dr. Farina Morawietz<br \/>\nHauptstr. 1b<br \/>\n76297 Stutensee-Blankenloch<\/p>\n<p>Telefon: 07244-2050407<br \/>\nFax: 07244-2050406<\/p>\n<p>E-Mail: praxis(at)psychotherapie-morawietz(dot)de<br \/>\nHomepage: www.psychotherapie-morawietz.de<\/p>\n<p><strong>Gesetzliche Berufsbezeichnung:<\/strong><br \/>\nPsychologische Psychotherapeutin, verliehen durch das Landesamt f\u00fcr Soziales, Jugend und Versorgung in Koblenz in der Bundesrepublik Deutschland.<\/p>\n<p><strong>Zust\u00e4ndige Kammer:<\/strong><br \/>\nLandespsychotherapeutenkammer Baden-W\u00fcrttemberg, J\u00e4gerstr. 40, 70174 Stuttgart, Telefon: 0711-674470-0, Fax: 0711-674470-15, Internet: www.lpk-bw.de<\/p>\n<p><strong>Zust\u00e4ndige Kassen\u00e4rztliche Vereinigung:<\/strong><br \/>\nKassen\u00e4rztliche Vereinigung Baden W\u00fcrttemberg. Internet: www.kvbawue.de<\/p>\n<p><strong>Ma\u00dfgebliche berufsrechtliche Regelungen:<br \/>\n<\/strong>1. Gesetz \u00fcber die Berufe des psychologischen Psychotherapeuten und des Kinder- und Jugendlichenpsychotherapeuten (Psychotherapeutengesetz &#8211; PsychThG vom 16.06.1998, Bundesgesetzblatt, Seite 1311), zuletzt ge\u00e4ndert am 20.06.2002 (Bundesgesetzblatt 1, Seite 1946, 1996)<br \/>\n2. Berufsordnung der Landespsychotherapeutenkammer Baden-W\u00fcrttemberg vom 31.01.2005 (Psychotherapeutenjournal 1\/2005, S.49, Einhefter S.1), zuletzt ge\u00e4ndert am 13.10.2007 (Psychotherapeutenjournal 1\/2008, vom 25.03.2008, S. 48 Einhefter, S. 2)<\/p>\n<p><strong>Haftungsbeschr\u00e4nkung:<\/strong><br \/>\nAlle Inhalte dieses Internetauftritts wurden mit Sorgfalt und nach bestem Gewissen erstellt. Eine Gew\u00e4hr f\u00fcr die Aktualit\u00e4t, Vollst\u00e4ndigkeit und Richtigkeit s\u00e4mtlicher Seiten kann jedoch nicht \u00fcbernommen werden. Gem\u00e4\u00df \u00a7 7 Abs. 1 TMG bin ich als Dienstanbieter f\u00fcr eigene Inhalte auf diesen Seiten nach den allgemeinen Gesetzen verantwortlich, nach den \u00a7\u00a7 8 bis 10 TMG jedoch nicht verpflichtet, die \u00fcbermittelten oder gespeicherten fremden Informationen zu \u00fcberwachen. Eine umgehende Entfernung dieser Inhalte erfolgt ab dem Zeitpunkt der Kenntnis einer konkreten Rechtsverletzung und ich hafte nicht vor dem Zeitpunkt der Kenntniserlangung.<\/p>\n<p><strong>Haftungsbeschr\u00e4nkung f\u00fcr externe Links:<\/strong><br \/>\nDiese Webseite enth\u00e4lt sog. \u201eexterne Links\u201c (Verkn\u00fcpfungen zu Webseiten Dritter), auf deren Inhalt ich keinen Einfluss habe und f\u00fcr den ich aus diesem Grund keine Gew\u00e4hr \u00fcbernehme. F\u00fcr die Inhalte und Richtigkeit der Informationen ist der jeweilige Informationsanbieter der verlinkten Webseite verantwortlich. Als die Verlinkung vorgenommen wurde, waren f\u00fcr mich keine Rechtsverst\u00f6\u00dfe erkennbar. Sollte mir eine Rechtsverletzung bekannt werden, wird der jeweilige Link umgehend von mir entfernt.<\/p>\n<p><strong>Urheberrecht:<\/strong><br \/>\nDie auf dieser Webseite ver\u00f6ffentlichten Inhalte und Werke unterliegen dem deutschen Urheberrecht. Jede Art der Vervielf\u00e4ltigung, Bearbeitung, Verbreitung und jede Art der Verwertung au\u00dferhalb der Grenzen des Urheberrechts bedarf der vorherigen schriftlichen Zustimmung des jeweiligen Urhebers bzw. Autors.<\/p>\n<p><strong>Datenschutz:<\/strong><br \/>\nDurch den Besuch dieses Internetauftritts k\u00f6nnen Informationen \u00fcber den Zugriff (Datum, Uhrzeit, aufgerufene Seite) auf dem Server gespeichert werden. Dies stellt keine Auswertung personenbezogener Daten (z.B. Name, Anschrift oder E-Mail Adresse) dar. Sofern personenbezogene Daten erhoben werden, erfolgt dies \u2013 sofern m\u00f6glich \u2013 nur mit dem vorherigen Einverst\u00e4ndnis des Nutzers der Webseite. Eine Weiterleitung der Daten an Dritte findet ohne ausdr\u00fcckliche Zustimmung des Nutzers nicht statt. Ich weise ausdr\u00fccklich darauf hin, dass die \u00dcbertragung von Daten im Internet (z.B. per E-Mail) Sicherheitsl\u00fccken aufweisen kann. Ein l\u00fcckenloser Schutz der Daten vor dem Zugriff Dritter kann nicht gew\u00e4hrleistet werden. Ich kann keine Haftung f\u00fcr die durch solche Sicherheitsl\u00fccken entstehenden Sch\u00e4den \u00fcbernehmen. Der Verwendung ver\u00f6ffentlichter Kontaktdaten durch Dritte zum Zwecke von Werbung wird ausdr\u00fccklich widersprochen. Ich behalte mir rechtliche Schritte f\u00fcr den Fall der unverlangten Zusendung von Werbeinformationen, z.B. durch Spam-Mails, vor.<\/p>\n<\/div>\n","protected":false},"excerpt":{"rendered":"<p>Pflichtangaben gem\u00e4\u00df Telemediengesetz: Dr. Farina Morawietz Hauptstr. 1b 76297 Stutensee-Blankenloch Telefon: 07244-2050407 Fax: 07244-2050406 E-Mail: praxis(at)psychotherapie-morawietz(dot)de Homepage: www.psychotherapie-morawietz.de Gesetzliche Berufsbezeichnung: Psychologische Psychotherapeutin, verliehen durch das Landesamt f\u00fcr Soziales, Jugend und Versorgung in Koblenz in der Bundesrepublik Deutschland. Zust\u00e4ndige Kammer: Landespsychotherapeutenkammer [&hellip;]<\/p>\n","protected":false},"author":1,"featured_media":0,"parent":0,"menu_order":6,"comment_status":"closed","ping_status":"closed","template":"","meta":{"footnotes":""},"class_list":["post-36","page","type-page","status-publish","hentry","clearfix"],"_links":{"self":[{"href":"https:\/\/psychotherapie-morawietz.de\/index.php?rest_route=\/wp\/v2\/pages\/36","targetHints":{"allow":["GET"]}}],"collection":[{"href":"https:\/\/psychotherapie-morawietz.de\/index.php?rest_route=\/wp\/v2\/pages"}],"about":[{"href":"https:\/\/psychotherapie-morawietz.de\/index.php?rest_route=\/wp\/v2\/types\/page"}],"author":[{"embeddable":true,"href":"https:\/\/psychotherapie-morawietz.de\/index.php?rest_route=\/wp\/v2\/users\/1"}],"replies":[{"embeddable":true,"href":"https:\/\/psychotherapie-morawietz.de\/index.php?rest_route=%2Fwp%2Fv2%2Fcomments&post=36"}],"version-history":[{"count":7,"href":"https:\/\/psychotherapie-morawietz.de\/index.php?rest_route=\/wp\/v2\/pages\/36\/revisions"}],"predecessor-version":[{"id":128,"href":"https:\/\/psychotherapie-morawietz.de\/index.php?rest_route=\/wp\/v2\/pages\/36\/revisions\/128"}],"wp:attachment":[{"href":"https:\/\/psychotherapie-morawietz.de\/index.php?rest_route=%2Fwp%2Fv2%2Fmedia&parent=36"}],"curies":[{"name":"wp","href":"https:\/\/api.w.org\/{rel}","templated":true}]}}