{"id":22,"date":"2016-11-21T09:46:02","date_gmt":"2016-11-21T09:46:02","guid":{"rendered":"http:\/\/psychotherapie-morawietz.de\/?page_id=22"},"modified":"2023-09-13T09:56:46","modified_gmt":"2023-09-13T09:56:46","slug":"modalitaeten","status":"publish","type":"page","link":"https:\/\/psychotherapie-morawietz.de\/?page_id=22","title":{"rendered":"Modalit\u00e4ten"},"content":{"rendered":"<h3><strong class=\"textTdUeberschrift\">Sprechzeiten<\/strong><\/h3>\n<p>Psychotherapietermine sind Montag bis Freitag ab 8 Uhr und sp\u00e4testens bis 12.50 Uhr, d.h. der letzte Termin beginnt um 12 Uhr, m\u00f6glich.<\/p>\n<h3><strong class=\"textTdUeberschrift\">Ablauf<\/strong><\/h3>\n<p>Eine psychotherapeutische Behandlung beginnt mit einer sogenannten Psychotherapeutischen Sprechstunde, darauf folgen probatorische Sitzungen, bei einer Verhaltenstherapie handelt es sich um maximal 4 solcher Sitzungen. Diese geben dem Behandlungssuchenden und dem Therapeuten die Gelegenheit einzusch\u00e4tzen, ob eine Zusammenarbeit vorstellbar und sinnvoll ist. Daneben dient diese Zeit zur Indikationsstellung und Therapieplanung.<\/p>\n<p>Zeigt sich w\u00e4hrend der probatorischen Sitzungen, dass eine Behandlung sinnvoll und erfolgsversprechend ist, wird beim zust\u00e4ndigen Kostentr\u00e4ger ein Antrag auf Kosten\u00fcbernahme f\u00fcr die Psychotherapie gestellt. Dazu ist in der Regel eine Untersuchung beim Haus- oder Facharzt erforderliche (Konsiliarbericht), um k\u00f6rperliche Ursachen der Problematik ausschlie\u00dfen zu k\u00f6nnen oder k\u00f6rperliche Erkrankungen in der Psychotherapie mitber\u00fccksichtigen zu k\u00f6nnen.<\/p>\n<p>Der Umfang der Behandlung, also die Anzahl der Sitzungen, ist von der jeweiligen Problematik abh\u00e4ngig. Eine Psychotherapiesitzung dauert 50 Minuten. In Ausnahmef\u00e4llen sind auch l\u00e4ngere (oder k\u00fcrzere) Sitzungen m\u00f6glich. Vor allem zu Beginn der Behandlung sind w\u00f6chentliche Termine \u00fcblich.<\/p>\n<h3 class=\"textTdUeberschrift\"><strong>Kosten\u00fcbernahme<\/strong><\/h3>\n<p><strong>Gesetzlich Versicherte<\/strong><br \/>\nAls Vertragspsychotherapeutin habe ich die M\u00f6glichkeit mit den gesetzlichen Krankenversicherungen direkt abzurechnen. F\u00fcr Sie als Patient bedeutet das, dass Sie zum ersten Termin (und dann jeweils zu Beginn jedes Quartals) Ihre Chipkarte mitbringen.<\/p>\n<p><strong>Privat Versicherte<\/strong><br \/>\nAls approbierte Psychologische Psychotherapeutin bin ich im Arztregister der Kassen\u00e4rztlichen Vereinigung Baden-W\u00fcrttemberg eingetragen. Der Arztregistereintrag berechtigt zur Abrechnung mit der Beihilfe und wird von vielen privaten Versicherungen verlangt. Mein Honorar berechnet sich nach der offiziellen Geb\u00fchrenordnung f\u00fcr Psychotherapeuten (GOP).<br \/>\nSie erhalten eine Rechnung, die Sie dann bei Ihrer privaten Krankenversicherung zur Kostenerstattung einreichen k\u00f6nnen.<br \/>\nDie \u00dcbernahme der Kosten f\u00fcr eine psychotherapeutische Behandlung durch Ihre private Krankenversicherung ist\u00a0 von Ihrem Versicherungsvertrag abh\u00e4ngig. Die Regelungen der privaten Krankenversicherungen sind uneinheitlich und reichen von der vollen Kosten\u00fcbernahme \u00fcber bestimmte Jahreskontingente (z. B. 20 Sitzungen pro Jahr) bis hin zum Leistungsausschluss f\u00fcr Psychotherapie. Es empfiehlt sich, vor der Kontaktaufnahme mit einem Psychotherapeuten, bei Ihrer Versicherung die Konditionen einer Kosten\u00fcbernahme zu erfragen.<\/p>\n<p><strong>Beihilfeberechtigte<\/strong><br \/>\nSie erhalten von mir eine Rechnung, die Sie dann bei Ihrer Beihilfestelle zur Kostenerstattung einreichen k\u00f6nnen.<br \/>\nVerhaltenstherapie ist Bestandteil des Leistungskataloges der Beihilfe. Beihilfeberechtigte haben meist eine zus\u00e4tzliche private Krankenversicherung abgeschlossen. Bei einer Psychotherapie schlie\u00dft sich die private Krankenversicherung meist der Bef\u00fcrwortung der Therapie durch die Beihilfestelle an und \u00fcbernimmt den vertraglich vereinbarten Kostenanteil. Es ist jedoch sinnvoll, bei der privaten Krankenversicherung nachzufragen, ob und unter welchen Voraussetzungen die anteiligen Kosten \u00fcbernommen werden.<br \/>\nWenden Sie sich am besten vor unserem ersten Gespr\u00e4ch an Ihre Beihilfestelle. Diese sendet Ihnen auf Anfrage die Unterlagen zur Antragstellung zu, die Sie gerne auch schon zum ersten Termin mitbringen k\u00f6nnen.<\/p>\n<p><strong>Selbstzahler<\/strong><br \/>\nSelbstverst\u00e4ndlich k\u00f6nnen Sie die Therapiekosten auch selbst \u00fcbernehmen. Sie erhalten eine Rechnung gem\u00e4\u00df der Geb\u00fchrenordnung f\u00fcr Psychotherapeuten (GOP).<\/p>\n","protected":false},"excerpt":{"rendered":"<p>Sprechzeiten Psychotherapietermine sind Montag bis Freitag ab 8 Uhr und sp\u00e4testens bis 12.50 Uhr, d.h. der letzte Termin beginnt um 12 Uhr, m\u00f6glich. Ablauf Eine psychotherapeutische Behandlung beginnt mit einer sogenannten Psychotherapeutischen Sprechstunde, darauf folgen probatorische Sitzungen, bei einer Verhaltenstherapie [&hellip;]<\/p>\n","protected":false},"author":1,"featured_media":0,"parent":0,"menu_order":4,"comment_status":"closed","ping_status":"closed","template":"","meta":{"footnotes":""},"class_list":["post-22","page","type-page","status-publish","hentry","clearfix"],"_links":{"self":[{"href":"https:\/\/psychotherapie-morawietz.de\/index.php?rest_route=\/wp\/v2\/pages\/22","targetHints":{"allow":["GET"]}}],"collection":[{"href":"https:\/\/psychotherapie-morawietz.de\/index.php?rest_route=\/wp\/v2\/pages"}],"about":[{"href":"https:\/\/psychotherapie-morawietz.de\/index.php?rest_route=\/wp\/v2\/types\/page"}],"author":[{"embeddable":true,"href":"https:\/\/psychotherapie-morawietz.de\/index.php?rest_route=\/wp\/v2\/users\/1"}],"replies":[{"embeddable":true,"href":"https:\/\/psychotherapie-morawietz.de\/index.php?rest_route=%2Fwp%2Fv2%2Fcomments&post=22"}],"version-history":[{"count":9,"href":"https:\/\/psychotherapie-morawietz.de\/index.php?rest_route=\/wp\/v2\/pages\/22\/revisions"}],"predecessor-version":[{"id":140,"href":"https:\/\/psychotherapie-morawietz.de\/index.php?rest_route=\/wp\/v2\/pages\/22\/revisions\/140"}],"wp:attachment":[{"href":"https:\/\/psychotherapie-morawietz.de\/index.php?rest_route=%2Fwp%2Fv2%2Fmedia&parent=22"}],"curies":[{"name":"wp","href":"https:\/\/api.w.org\/{rel}","templated":true}]}}