{"id":20,"date":"2016-11-21T09:45:37","date_gmt":"2016-11-21T09:45:37","guid":{"rendered":"http:\/\/psychotherapie-morawietz.de\/?page_id=20"},"modified":"2018-11-18T20:11:56","modified_gmt":"2018-11-18T20:11:56","slug":"ueber-psychotherapie-und-verhaltenstherapie","status":"publish","type":"page","link":"https:\/\/psychotherapie-morawietz.de\/?page_id=20","title":{"rendered":"\u00dcber Psychotherapie und Verhaltenstherapie"},"content":{"rendered":"<p><strong>Psychotherapie<\/strong> meint w\u00f6rtlich die Behandlung von seelischen Problemen, also von St\u00f6rungen des Denkens, Handelns und F\u00fchlens. Dazu z\u00e4hlen u.a. Depressionen, \u00c4ngste, Zw\u00e4nge, Pers\u00f6nlichkeitsst\u00f6rungen. Daneben wird Psychotherapie auch als Erg\u00e4nzung zu medizinischen Behandlungen schwerer Erkrankungen oder bei ausgepr\u00e4gter Schmerzproblematik eingesetzt.<\/p>\n<p>Bei der Behandlung solcher St\u00f6rungen arbeite ich mit verschiedenen wissenschaftlich-fundierten, verhaltenstherapeutischen Methoden, die speziell auf die jeweilige Problematik und Person zugeschnitten werden.<\/p>\n<p>Grundidee der <strong>Verhaltenstherapie<\/strong> ist, dass Verhaltensweisen und Erlebnismuster erlernt und auch wieder verlernt werden k\u00f6nnen. Ziel der Verhaltenstherapie ist, das Leiden des Patienten zu\u00a0 lindern und die Handlungsf\u00e4higkeit zu erweitern. Dies geschieht, indem der erkrankten Person, nach Einsicht in Ursachen und Entstehungsgeschichte ihrer Probleme, Methoden an die Hand gegeben werden, mit denen sie zuk\u00fcnftig besser zurecht kommt.<\/p>\n","protected":false},"excerpt":{"rendered":"<p>Psychotherapie meint w\u00f6rtlich die Behandlung von seelischen Problemen, also von St\u00f6rungen des Denkens, Handelns und F\u00fchlens. Dazu z\u00e4hlen u.a. Depressionen, \u00c4ngste, Zw\u00e4nge, Pers\u00f6nlichkeitsst\u00f6rungen. Daneben wird Psychotherapie auch als Erg\u00e4nzung zu medizinischen Behandlungen schwerer Erkrankungen oder bei ausgepr\u00e4gter Schmerzproblematik eingesetzt. Bei [&hellip;]<\/p>\n","protected":false},"author":1,"featured_media":0,"parent":0,"menu_order":2,"comment_status":"closed","ping_status":"closed","template":"","meta":{"footnotes":""},"class_list":["post-20","page","type-page","status-publish","hentry","clearfix"],"_links":{"self":[{"href":"https:\/\/psychotherapie-morawietz.de\/index.php?rest_route=\/wp\/v2\/pages\/20","targetHints":{"allow":["GET"]}}],"collection":[{"href":"https:\/\/psychotherapie-morawietz.de\/index.php?rest_route=\/wp\/v2\/pages"}],"about":[{"href":"https:\/\/psychotherapie-morawietz.de\/index.php?rest_route=\/wp\/v2\/types\/page"}],"author":[{"embeddable":true,"href":"https:\/\/psychotherapie-morawietz.de\/index.php?rest_route=\/wp\/v2\/users\/1"}],"replies":[{"embeddable":true,"href":"https:\/\/psychotherapie-morawietz.de\/index.php?rest_route=%2Fwp%2Fv2%2Fcomments&post=20"}],"version-history":[{"count":2,"href":"https:\/\/psychotherapie-morawietz.de\/index.php?rest_route=\/wp\/v2\/pages\/20\/revisions"}],"predecessor-version":[{"id":77,"href":"https:\/\/psychotherapie-morawietz.de\/index.php?rest_route=\/wp\/v2\/pages\/20\/revisions\/77"}],"wp:attachment":[{"href":"https:\/\/psychotherapie-morawietz.de\/index.php?rest_route=%2Fwp%2Fv2%2Fmedia&parent=20"}],"curies":[{"name":"wp","href":"https:\/\/api.w.org\/{rel}","templated":true}]}}