{"id":18,"date":"2016-11-21T09:45:12","date_gmt":"2016-11-21T09:45:12","guid":{"rendered":"http:\/\/psychotherapie-morawietz.de\/?page_id=18"},"modified":"2025-02-14T21:05:25","modified_gmt":"2025-02-14T21:05:25","slug":"meine-person","status":"publish","type":"page","link":"https:\/\/psychotherapie-morawietz.de\/?page_id=18","title":{"rendered":"Meine Person"},"content":{"rendered":"<p>Jahrgang 1984<\/p>\n<p>Psychologie-Studium in Heidelberg, abgeschlossen 2009<\/p>\n<p>Promotion an der Universit\u00e4t Heidelberg, abgeschlossen 2012<\/p>\n<p>Weiterbildung zur Psychologischen Psychotherapeutin (VT) in Landau, abgeschlossen 2013<\/p>\n<p>T\u00e4tigkeit in Anstellung im Ma\u00dfregelvollzug Rheinland-Pfalz, Justizvollzug Baden-W\u00fcrttemberg<\/p>\n<p>Eigene Praxis seit 2016<\/p>\n<p>T\u00e4tigkeitsschwerpunkte: Traumafolgest\u00f6rungen, Pers\u00f6nlichkeitsst\u00f6rungen<\/p>\n<p>Durchf\u00fchrung von ADHS-Diagnostik, Behandlung von Depressionen, Angst- und Zwangsst\u00f6rungen, somatoformen St\u00f6rungen<\/p>\n<p>Was ich nicht behandle: Suchterkrankungen, Essst\u00f6rungen<\/p>\n<p><img loading=\"lazy\" decoding=\"async\" class=\"wp-image-61  alignleft\" src=\"https:\/\/psychotherapie-morawietz.de\/wp-content\/uploads\/2018\/07\/Profilbild-Copyright-300x200.jpg\" alt=\"Profilbild (C) T. Geiger\" width=\"429\" height=\"286\" srcset=\"https:\/\/psychotherapie-morawietz.de\/wp-content\/uploads\/2018\/07\/Profilbild-Copyright-300x200.jpg 300w, https:\/\/psychotherapie-morawietz.de\/wp-content\/uploads\/2018\/07\/Profilbild-Copyright-768x513.jpg 768w, https:\/\/psychotherapie-morawietz.de\/wp-content\/uploads\/2018\/07\/Profilbild-Copyright-1024x684.jpg 1024w, https:\/\/psychotherapie-morawietz.de\/wp-content\/uploads\/2018\/07\/Profilbild-Copyright-700x467.jpg 700w, https:\/\/psychotherapie-morawietz.de\/wp-content\/uploads\/2018\/07\/Profilbild-Copyright-520x347.jpg 520w, https:\/\/psychotherapie-morawietz.de\/wp-content\/uploads\/2018\/07\/Profilbild-Copyright-360x240.jpg 360w, https:\/\/psychotherapie-morawietz.de\/wp-content\/uploads\/2018\/07\/Profilbild-Copyright-250x167.jpg 250w, https:\/\/psychotherapie-morawietz.de\/wp-content\/uploads\/2018\/07\/Profilbild-Copyright-100x67.jpg 100w\" sizes=\"auto, (max-width: 429px) 100vw, 429px\" \/><\/p>\n<p>&nbsp;<\/p>\n<p>&nbsp;<\/p>\n<p>&nbsp;<\/p>\n","protected":false},"excerpt":{"rendered":"<p>Jahrgang 1984 Psychologie-Studium in Heidelberg, abgeschlossen 2009 Promotion an der Universit\u00e4t Heidelberg, abgeschlossen 2012 Weiterbildung zur Psychologischen Psychotherapeutin (VT) in Landau, abgeschlossen 2013 T\u00e4tigkeit in Anstellung im Ma\u00dfregelvollzug Rheinland-Pfalz, Justizvollzug Baden-W\u00fcrttemberg Eigene Praxis seit 2016 T\u00e4tigkeitsschwerpunkte: Traumafolgest\u00f6rungen, Pers\u00f6nlichkeitsst\u00f6rungen Durchf\u00fchrung von [&hellip;]<\/p>\n","protected":false},"author":1,"featured_media":0,"parent":0,"menu_order":3,"comment_status":"closed","ping_status":"closed","template":"","meta":{"footnotes":""},"class_list":["post-18","page","type-page","status-publish","hentry","clearfix"],"_links":{"self":[{"href":"https:\/\/psychotherapie-morawietz.de\/index.php?rest_route=\/wp\/v2\/pages\/18","targetHints":{"allow":["GET"]}}],"collection":[{"href":"https:\/\/psychotherapie-morawietz.de\/index.php?rest_route=\/wp\/v2\/pages"}],"about":[{"href":"https:\/\/psychotherapie-morawietz.de\/index.php?rest_route=\/wp\/v2\/types\/page"}],"author":[{"embeddable":true,"href":"https:\/\/psychotherapie-morawietz.de\/index.php?rest_route=\/wp\/v2\/users\/1"}],"replies":[{"embeddable":true,"href":"https:\/\/psychotherapie-morawietz.de\/index.php?rest_route=%2Fwp%2Fv2%2Fcomments&post=18"}],"version-history":[{"count":5,"href":"https:\/\/psychotherapie-morawietz.de\/index.php?rest_route=\/wp\/v2\/pages\/18\/revisions"}],"predecessor-version":[{"id":154,"href":"https:\/\/psychotherapie-morawietz.de\/index.php?rest_route=\/wp\/v2\/pages\/18\/revisions\/154"}],"wp:attachment":[{"href":"https:\/\/psychotherapie-morawietz.de\/index.php?rest_route=%2Fwp%2Fv2%2Fmedia&parent=18"}],"curies":[{"name":"wp","href":"https:\/\/api.w.org\/{rel}","templated":true}]}}